{"id":3045,"date":"2021-05-03T20:50:23","date_gmt":"2021-05-03T18:50:23","guid":{"rendered":"https:\/\/dev2.webforu.hu\/consensea\/?page_id=3045"},"modified":"2024-03-25T10:18:26","modified_gmt":"2024-03-25T09:18:26","slug":"ajanlatok","status":"publish","type":"page","link":"https:\/\/consensea.com\/it\/ajanlatok\/","title":{"rendered":"Offerte"},"content":{"rendered":"<div data-elementor-type=\"wp-post\" data-elementor-id=\"3045\" class=\"elementor elementor-3045\" data-elementor-post-type=\"page\">\n\t\t\t\t\t\t<section class=\"elementor-section elementor-top-section elementor-element elementor-element-62d0119 elementor-section-boxed elementor-section-height-default elementor-section-height-default\" data-id=\"62d0119\" data-element_type=\"section\" data-settings=\"{&quot;background_background&quot;:&quot;classic&quot;}\">\n\t\t\t\t\t\t\t<div class=\"elementor-background-overlay\"><\/div>\n\t\t\t\t\t\t\t<div class=\"elementor-container elementor-column-gap-default\">\n\t\t\t\t\t<div class=\"elementor-column elementor-col-100 elementor-top-column elementor-element elementor-element-280e845\" data-id=\"280e845\" data-element_type=\"column\">\n\t\t\t<div class=\"elementor-widget-wrap elementor-element-populated\">\n\t\t\t\t\t\t<div class=\"elementor-element elementor-element-6ef334c elementor-invisible elementor-widget elementor-widget-heading\" data-id=\"6ef334c\" data-element_type=\"widget\" data-settings=\"{&quot;_animation&quot;:&quot;fadeInDown&quot;}\" data-widget_type=\"heading.default\">\n\t\t\t\t<div class=\"elementor-widget-container\">\n\t\t\t<h1 class=\"elementor-heading-title elementor-size-default\">Offerte<\/h1>\t\t<\/div>\n\t\t\t\t<\/div>\n\t\t\t\t\t<\/div>\n\t\t<\/div>\n\t\t\t\t\t<\/div>\n\t\t<\/section>\n\t\t\t\t<section class=\"elementor-section elementor-top-section elementor-element elementor-element-4eae600 elementor-section-full_width elementor-section-height-default elementor-section-height-default\" data-id=\"4eae600\" data-element_type=\"section\">\n\t\t\t\t\t\t<div class=\"elementor-container elementor-column-gap-default\">\n\t\t\t\t\t<div class=\"elementor-column elementor-col-100 elementor-top-column elementor-element elementor-element-7616d4b\" data-id=\"7616d4b\" data-element_type=\"column\">\n\t\t\t<div class=\"elementor-widget-wrap elementor-element-populated\">\n\t\t\t\t\t\t<div class=\"elementor-element elementor-element-7f04818 animated-slow ajal elementor-invisible elementor-widget elementor-widget-uael-posts\" data-id=\"7f04818\" data-element_type=\"widget\" data-settings=\"{&quot;card_slides_to_show&quot;:4,&quot;_animation&quot;:&quot;zoomIn&quot;,&quot;card_slides_to_show_tablet&quot;:2,&quot;card_slides_to_show_mobile&quot;:1,&quot;card_pagination_type&quot;:&quot;ajax&quot;,&quot;card_show_filters&quot;:&quot;no&quot;}\" data-widget_type=\"uael-posts.card\">\n\t\t\t\t<div class=\"elementor-widget-container\">\n\t\t\t\t\t<div class=\"uael-post__header\">\n\t\t\t\t\t<\/div>\n\t\t<div class=\"uael-post__body\">\n\t\t\t\n\t\t\n\t\t<div class=\"uael-post-grid uael-posts\" data-query-type=\"custom\" data-structure=\"normal\" data-layout=\"\" data-page=\"3045\" data-skin=\"card\" data-filter-default=\"\" data-offset-top=\"30\" >\n\n\t\t\t\t\t\t\t<div class=\"uael-post-grid__inner uael-post__columns-4 uael-post__columns-tablet-2 uael-post__columns-mobile-1\">\n\t\t\t\n<div class=\"uael-post-wrapper   aj\u00e1nlatok\">\n\t<div class=\"uael-post__bg-wrap\">\n\n\t\t\t\t\n\t\t<div class=\"uael-post__inner-wrap\">\n\n\t\t\t\t<div class=\"uael-post__thumbnail\">\n\t\t\t\n\t\t\t<a href=\"https:\/\/consensea.com\/it\/hirdetok\/panettone\/\" target=\"_self\" title=\"Panettone\"><img fetchpriority=\"high\" decoding=\"async\" width=\"900\" height=\"600\" src=\"https:\/\/consensea.com\/wp-content\/uploads\/2021\/05\/panettone.jpg\" class=\"attachment-full size-full wp-image-3173\" alt=\"\" srcset=\"https:\/\/consensea.com\/wp-content\/uploads\/2021\/05\/panettone.jpg 900w, https:\/\/consensea.com\/wp-content\/uploads\/2021\/05\/panettone-300x200.jpg 300w, https:\/\/consensea.com\/wp-content\/uploads\/2021\/05\/panettone-768x512.jpg 768w\" sizes=\"(max-width: 900px) 100vw, 900px\" \/><\/a>\n\t\t\t\t\t<\/div>\n\t\t\n\t\t\t\n\t\t\t<div class=\"uael-post__content-wrap\">\n\n\t\t\t\t\t<h4 class=\"uael-post__title\">\n\n\t\t\n\t\t\t\t\t\t<a href=\"https:\/\/consensea.com\/it\/hirdetok\/panettone\/\" target=\"_self\">\n\t\t\t\tPanettone\t\t\t<\/a>\n\n\t\t\t\t<\/h4>\n\t\t<div class=\"uael-post__separator\"><\/div>\n\t\t<div class=\"uael-post__excerpt\">\n\t\t\tFinoms\u00e1g olaszul &#8211; PANETTONE Ez a speci\u00e1lis s\u00fctem\u00e9ny &#8211; amely kiv\u00e1l\u00f3 kar\u00e1csonyi aj\u00e1nd\u00e9k mind szerettei, mind \u00fczleti partnerei r\u00e9sz\u00e9re &#8211; Olaszorsz\u00e1gban kifejezetten kar\u00e1csonyi \u00e9dess\u00e9gnek sz\u00e1m\u00edt. \u0150sszel kezdik elk\u00e9sz\u00edteni \u00e9s az \u00fcnnepi id\u0151szakban kaphat\u00f3. A hagyom\u00e1nyos ...\t\t<\/div>\n\n\t\t\t\t\t<a class=\"uael-post__read-more elementor-button\" href=\"https:\/\/consensea.com\/it\/hirdetok\/panettone\/\" target=\"_self\" aria-labelledby=\"uael-post-3128\">\n\t\t\t\t\t<span class=\"elementor-button-content-wrapper\">\n\t\t\t\t\t\t\t\t\t\t\t\t\t\t<span class=\"elementor-button-icon elementor-align-icon-left\">\n\n\t\t\t\t\t\t\t\t\t\n\t\t\t\t\t\t\t\t<\/span>\n\t\t\t\t\t\t\t\t\t\t\t\t\t\n\t\t\t\t\t\t<span class=\"elementor-button-text\" id=\"uael-post-3128\">Leggi di pi\u00f9 \u2192<\/span>\n\t\t\t\t\t<\/span>\n\t\t\t\t<\/a>\n\t\t\t\t\t\t<\/div>\n\t\t\t\n\t\t<\/div>\n\t\t\n\t<\/div>\n\n<\/div>\n\n<div class=\"uael-post-wrapper   aj\u00e1nlatok\">\n\t<div class=\"uael-post__bg-wrap\">\n\n\t\t\t\t\n\t\t<div class=\"uael-post__inner-wrap\">\n\n\t\t\t\t<div class=\"uael-post__thumbnail\">\n\t\t\t\n\t\t\t<a href=\"https:\/\/consensea.com\/it\/hirdetok\/langmar-kommunikacio\/\" target=\"_self\" title=\"Comunicazione Langm\u00e1r\"><img decoding=\"async\" width=\"900\" height=\"600\" src=\"https:\/\/consensea.com\/wp-content\/uploads\/2021\/05\/langmar-kommunikacio.jpg\" class=\"attachment-full size-full wp-image-3303\" alt=\"\" srcset=\"https:\/\/consensea.com\/wp-content\/uploads\/2021\/05\/langmar-kommunikacio.jpg 900w, https:\/\/consensea.com\/wp-content\/uploads\/2021\/05\/langmar-kommunikacio-300x200.jpg 300w, https:\/\/consensea.com\/wp-content\/uploads\/2021\/05\/langmar-kommunikacio-768x512.jpg 768w\" sizes=\"(max-width: 900px) 100vw, 900px\" \/><\/a>\n\t\t\t\t\t<\/div>\n\t\t\n\t\t\t\n\t\t\t<div class=\"uael-post__content-wrap\">\n\n\t\t\t\t\t<h4 class=\"uael-post__title\">\n\n\t\t\n\t\t\t\t\t\t<a href=\"https:\/\/consensea.com\/it\/hirdetok\/langmar-kommunikacio\/\" target=\"_self\">\n\t\t\t\tComunicazione Langm\u00e1r\t\t\t<\/a>\n\n\t\t\t\t<\/h4>\n\t\t<div class=\"uael-post__separator\"><\/div>\n\t\t<div class=\"uael-post__excerpt\">\n\t\t\tNem el\u00e9g j\u00f3nak lenni, j\u00f3nak is kell l\u00e1tszani A sikeres c\u00e9gek tiszt\u00e1ban vannak azzal, hogy a saj\u00e1t szakter\u00fclet\u00fck\u00f6n profi szolg\u00e1ltat\u00e1st ny\u00fajtanak, vagy hogy kiv\u00e1l\u00f3ak a term\u00e9keik. Azonban sok esetben egyszer\u0171en nem tal\u00e1lj\u00e1k meg a \u201ehangjukat\u201d, ...\t\t<\/div>\n\n\t\t\t\t\t<a class=\"uael-post__read-more elementor-button\" href=\"https:\/\/consensea.com\/it\/hirdetok\/langmar-kommunikacio\/\" target=\"_self\" aria-labelledby=\"uael-post-3063\">\n\t\t\t\t\t<span class=\"elementor-button-content-wrapper\">\n\t\t\t\t\t\t\t\t\t\t\t\t\t\t<span class=\"elementor-button-icon elementor-align-icon-left\">\n\n\t\t\t\t\t\t\t\t\t\n\t\t\t\t\t\t\t\t<\/span>\n\t\t\t\t\t\t\t\t\t\t\t\t\t\n\t\t\t\t\t\t<span class=\"elementor-button-text\" id=\"uael-post-3063\">Leggi di pi\u00f9 \u2192<\/span>\n\t\t\t\t\t<\/span>\n\t\t\t\t<\/a>\n\t\t\t\t\t\t<\/div>\n\t\t\t\n\t\t<\/div>\n\t\t\n\t<\/div>\n\n<\/div>\n\n<div class=\"uael-post-wrapper   aj\u00e1nlatok\">\n\t<div class=\"uael-post__bg-wrap\">\n\n\t\t\t\t\n\t\t<div class=\"uael-post__inner-wrap\">\n\n\t\t\t\t<div class=\"uael-post__thumbnail\">\n\t\t\t\n\t\t\t<a href=\"https:\/\/consensea.com\/it\/hirdetok\/webforu\/\" target=\"_self\" title=\"WebforU\"><img decoding=\"async\" width=\"1285\" height=\"730\" src=\"https:\/\/consensea.com\/wp-content\/uploads\/2021\/05\/Webes-megoldasok-bni.png\" class=\"attachment-full size-full wp-image-3673\" alt=\"\" srcset=\"https:\/\/consensea.com\/wp-content\/uploads\/2021\/05\/Webes-megoldasok-bni.png 1285w, https:\/\/consensea.com\/wp-content\/uploads\/2021\/05\/Webes-megoldasok-bni-300x170.png 300w, https:\/\/consensea.com\/wp-content\/uploads\/2021\/05\/Webes-megoldasok-bni-1024x582.png 1024w, https:\/\/consensea.com\/wp-content\/uploads\/2021\/05\/Webes-megoldasok-bni-768x436.png 768w, https:\/\/consensea.com\/wp-content\/uploads\/2021\/05\/Webes-megoldasok-bni-16x9.png 16w\" sizes=\"(max-width: 1285px) 100vw, 1285px\" \/><\/a>\n\t\t\t\t\t<\/div>\n\t\t\n\t\t\t\n\t\t\t<div class=\"uael-post__content-wrap\">\n\n\t\t\t\t\t<h4 class=\"uael-post__title\">\n\n\t\t\n\t\t\t\t\t\t<a href=\"https:\/\/consensea.com\/it\/hirdetok\/webforu\/\" target=\"_self\">\n\t\t\t\tWebforU\t\t\t<\/a>\n\n\t\t\t\t<\/h4>\n\t\t<div class=\"uael-post__separator\"><\/div>\n\t\t<div class=\"uael-post__excerpt\">\n\t\t\tMUTASD MEG MAGAD AZ INTERNETEN A SZOLG\u00c1LTAT\u00c1SODHOZ M\u00c9LT\u00d3 PROFI MEGJELEN\u00c9SSEL! Mi seg\u00edt\u00fcnk neked azzal, hogy gy\u00f6ny\u00f6r\u0171 \u00e9s l\u00e1togat\u00f3bar\u00e1t weboldalakat, webshopokat, egyedi fejleszt\u00e9seket val\u00f3s\u00edtunk meg. Szolg\u00e1ltat\u00e1saink: Weboldal k\u00e9sz\u00edt\u00e9s Web\u00e1ruh\u00e1z k\u00e9sz\u00edt\u00e9s Programoz\u00e1s \/ egyedi fejleszt\u00e9s Karbantart\u00e1s \/ ...\t\t<\/div>\n\n\t\t\t\t\t<a class=\"uael-post__read-more elementor-button\" href=\"https:\/\/consensea.com\/it\/hirdetok\/webforu\/\" target=\"_self\" aria-labelledby=\"uael-post-3126\">\n\t\t\t\t\t<span class=\"elementor-button-content-wrapper\">\n\t\t\t\t\t\t\t\t\t\t\t\t\t\t<span class=\"elementor-button-icon elementor-align-icon-left\">\n\n\t\t\t\t\t\t\t\t\t\n\t\t\t\t\t\t\t\t<\/span>\n\t\t\t\t\t\t\t\t\t\t\t\t\t\n\t\t\t\t\t\t<span class=\"elementor-button-text\" id=\"uael-post-3126\">Leggi di pi\u00f9 \u2192<\/span>\n\t\t\t\t\t<\/span>\n\t\t\t\t<\/a>\n\t\t\t\t\t\t<\/div>\n\t\t\t\n\t\t<\/div>\n\t\t\n\t<\/div>\n\n<\/div>\n\n<div class=\"uael-post-wrapper\">\n\t<div class=\"uael-post__bg-wrap\">\n\n\t\t\t\t\n\t\t<div class=\"uael-post__inner-wrap\">\n\n\t\t\t\t<div class=\"uael-post__thumbnail\">\n\t\t\t\n\t\t\t<a href=\"https:\/\/consensea.com\/it\/hirdetok\/pentalingua\/\" target=\"_self\" title=\"Pentalingua\"><img loading=\"lazy\" decoding=\"async\" width=\"900\" height=\"600\" src=\"https:\/\/consensea.com\/wp-content\/uploads\/2021\/05\/Pentalingua.jpg\" class=\"attachment-full size-full wp-image-3587\" alt=\"\" srcset=\"https:\/\/consensea.com\/wp-content\/uploads\/2021\/05\/Pentalingua.jpg 900w, https:\/\/consensea.com\/wp-content\/uploads\/2021\/05\/Pentalingua-300x200.jpg 300w, https:\/\/consensea.com\/wp-content\/uploads\/2021\/05\/Pentalingua-768x512.jpg 768w, https:\/\/consensea.com\/wp-content\/uploads\/2021\/05\/Pentalingua-16x12.jpg 16w\" sizes=\"(max-width: 900px) 100vw, 900px\" \/><\/a>\n\t\t\t\t\t<\/div>\n\t\t\n\t\t\t\n\t\t\t<div class=\"uael-post__content-wrap\">\n\n\t\t\t\t\t<h4 class=\"uael-post__title\">\n\n\t\t\n\t\t\t\t\t\t<a href=\"https:\/\/consensea.com\/it\/hirdetok\/pentalingua\/\" target=\"_self\">\n\t\t\t\tPentalingua\t\t\t<\/a>\n\n\t\t\t\t<\/h4>\n\t\t<div class=\"uael-post__separator\"><\/div>\n\t\t<div class=\"uael-post__excerpt\">\n\t\t\tA Pentalingua egy szerethet\u0151 ford\u00edt\u00f3iroda, \u00e9ppen ez\u00e9rt nem egy a sok k\u00f6z\u00fcl. \u00c1t\u00fct\u0151 ereje \u00e9s szerethet\u0151s\u00e9ge abban rejlik, hogy anyanyelv\u0171, k\u00e9tanyanyelv\u0171 ford\u00edt\u00f3kkal \u00e9s tolm\u00e1csok tud\u00e1s\u00e1val \u00e9s teljes nyelvi k\u00e9szlet\u00e9vel szolg\u00e1lja ki magas min\u0151s\u00e9get elv\u00e1r\u00f3 \u00fczleti ...\t\t<\/div>\n\n\t\t\t\t\t<a class=\"uael-post__read-more elementor-button\" href=\"https:\/\/consensea.com\/it\/hirdetok\/pentalingua\/\" target=\"_self\" aria-labelledby=\"uael-post-3582\">\n\t\t\t\t\t<span class=\"elementor-button-content-wrapper\">\n\t\t\t\t\t\t\t\t\t\t\t\t\t\t<span class=\"elementor-button-icon elementor-align-icon-left\">\n\n\t\t\t\t\t\t\t\t\t\n\t\t\t\t\t\t\t\t<\/span>\n\t\t\t\t\t\t\t\t\t\t\t\t\t\n\t\t\t\t\t\t<span class=\"elementor-button-text\" id=\"uael-post-3582\">Leggi di pi\u00f9 \u2192<\/span>\n\t\t\t\t\t<\/span>\n\t\t\t\t<\/a>\n\t\t\t\t\t\t<\/div>\n\t\t\t\n\t\t<\/div>\n\t\t\n\t<\/div>\n\n<\/div>\n\n<div class=\"uael-post-wrapper\">\n\t<div class=\"uael-post__bg-wrap\">\n\n\t\t\t\t\n\t\t<div class=\"uael-post__inner-wrap\">\n\n\t\t\t\t<div class=\"uael-post__thumbnail\">\n\t\t\t\n\t\t\t<a href=\"https:\/\/consensea.com\/it\/hirdetok\/victum-bt\/\" target=\"_self\" title=\"Victum Bt\"><img loading=\"lazy\" decoding=\"async\" width=\"900\" height=\"600\" src=\"https:\/\/consensea.com\/wp-content\/uploads\/2021\/08\/Victum.jpg\" class=\"attachment-full size-full wp-image-3651\" alt=\"\" srcset=\"https:\/\/consensea.com\/wp-content\/uploads\/2021\/08\/Victum.jpg 900w, https:\/\/consensea.com\/wp-content\/uploads\/2021\/08\/Victum-300x200.jpg 300w, https:\/\/consensea.com\/wp-content\/uploads\/2021\/08\/Victum-768x512.jpg 768w, https:\/\/consensea.com\/wp-content\/uploads\/2021\/08\/Victum-16x12.jpg 16w\" sizes=\"(max-width: 900px) 100vw, 900px\" \/><\/a>\n\t\t\t\t\t<\/div>\n\t\t\n\t\t\t\n\t\t\t<div class=\"uael-post__content-wrap\">\n\n\t\t\t\t\t<h4 class=\"uael-post__title\">\n\n\t\t\n\t\t\t\t\t\t<a href=\"https:\/\/consensea.com\/it\/hirdetok\/victum-bt\/\" target=\"_self\">\n\t\t\t\tVictum Bt\t\t\t<\/a>\n\n\t\t\t\t<\/h4>\n\t\t<div class=\"uael-post__separator\"><\/div>\n\t\t<div class=\"uael-post__excerpt\">\n\t\t\tInterkultur\u00e1lis tan\u00e1csad\u00e1s: Egym\u00e1s munkakult\u00far\u00e1j\u00e1nak ismerete \u00e9s meg\u00e9rt\u00e9se az egyik kulcsa a nemzetk\u00f6zi piacon val\u00f3 helyt\u00e1ll\u00e1s siker\u00e9nek. A c\u00e9g vezet\u0151inek \u00e9s munkat\u00e1rsainak felk\u00e9sz\u00edt\u00e9st, k\u00e9pz\u00e9st, coachingot tartunk az interkultur\u00e1lis azonoss\u00e1gok \u00e9s k\u00fcl\u00f6nbs\u00e9gek praktikus kezel\u00e9s\u00e9ben a fogad\u00f3 orsz\u00e1g ...\t\t<\/div>\n\n\t\t\t\t\t<a class=\"uael-post__read-more elementor-button\" href=\"https:\/\/consensea.com\/it\/hirdetok\/victum-bt\/\" target=\"_self\" aria-labelledby=\"uael-post-3650\">\n\t\t\t\t\t<span class=\"elementor-button-content-wrapper\">\n\t\t\t\t\t\t\t\t\t\t\t\t\t\t<span class=\"elementor-button-icon elementor-align-icon-left\">\n\n\t\t\t\t\t\t\t\t\t\n\t\t\t\t\t\t\t\t<\/span>\n\t\t\t\t\t\t\t\t\t\t\t\t\t\n\t\t\t\t\t\t<span class=\"elementor-button-text\" id=\"uael-post-3650\">Leggi di pi\u00f9 \u2192<\/span>\n\t\t\t\t\t<\/span>\n\t\t\t\t<\/a>\n\t\t\t\t\t\t<\/div>\n\t\t\t\n\t\t<\/div>\n\t\t\n\t<\/div>\n\n<\/div>\n\t\t\t\t<\/div>\n\t\t\t\t\t\t\n\t\t<\/div>\n\n\t\t\t\t\t\t<\/div>\n\t\t<div class=\"uael-post__footer\">\n\t\t\t\t\t<\/div>\n\t\t\t\t<\/div>\n\t\t\t\t<\/div>\n\t\t\t\t\t<\/div>\n\t\t<\/div>\n\t\t\t\t\t<\/div>\n\t\t<\/section>\n\t\t\t\t<\/div>","protected":false},"excerpt":{"rendered":"<p>Aj\u00e1nlatok Panettone Finoms\u00e1g olaszul &#8211; PANETTONE Ez a speci\u00e1lis s\u00fctem\u00e9ny &#8211; amely kiv\u00e1l\u00f3 kar\u00e1csonyi aj\u00e1nd\u00e9k mind szerettei, mind \u00fczleti partnerei r\u00e9sz\u00e9re &#8211; Olaszorsz\u00e1gban kifejezetten kar\u00e1csonyi \u00e9dess\u00e9gnek sz\u00e1m\u00edt. \u0150sszel kezdik elk\u00e9sz\u00edteni \u00e9s az \u00fcnnepi id\u0151szakban kaphat\u00f3. A hagyom\u00e1nyos &#8230; B\u0151vebben \u2192 Langm\u00e1r kommunik\u00e1ci\u00f3 Nem el\u00e9g j\u00f3nak lenni, j\u00f3nak is kell l\u00e1tszani A sikeres c\u00e9gek tiszt\u00e1ban vannak [&hellip;]<\/p>","protected":false},"author":1,"featured_media":0,"parent":0,"menu_order":0,"comment_status":"closed","ping_status":"closed","template":"","meta":{"_acf_changed":false,"site-sidebar-layout":"no-sidebar","site-content-layout":"page-builder","ast-site-content-layout":"","site-content-style":"default","site-sidebar-style":"default","ast-global-header-display":"","ast-banner-title-visibility":"","ast-main-header-display":"","ast-hfb-above-header-display":"","ast-hfb-below-header-display":"","ast-hfb-mobile-header-display":"","site-post-title":"disabled","ast-breadcrumbs-content":"","ast-featured-img":"disabled","footer-sml-layout":"","theme-transparent-header-meta":"enabled","adv-header-id-meta":"","stick-header-meta":"default","header-above-stick-meta":"","header-main-stick-meta":"","header-below-stick-meta":"","astra-migrate-meta-layouts":"default","ast-page-background-enabled":"default","ast-page-background-meta":{"desktop":{"background-color":"","background-image":"","background-repeat":"repeat","background-position":"center center","background-size":"auto","background-attachment":"scroll","background-type":"","background-media":"","overlay-type":"","overlay-color":"","overlay-gradient":""},"tablet":{"background-color":"","background-image":"","background-repeat":"repeat","background-position":"center center","background-size":"auto","background-attachment":"scroll","background-type":"","background-media":"","overlay-type":"","overlay-color":"","overlay-gradient":""},"mobile":{"background-color":"","background-image":"","background-repeat":"repeat","background-position":"center center","background-size":"auto","background-attachment":"scroll","background-type":"","background-media":"","overlay-type":"","overlay-color":"","overlay-gradient":""}},"ast-content-background-meta":{"desktop":{"background-color":"var(--ast-global-color-5)","background-image":"","background-repeat":"repeat","background-position":"center center","background-size":"auto","background-attachment":"scroll","background-type":"","background-media":"","overlay-type":"","overlay-color":"","overlay-gradient":""},"tablet":{"background-color":"var(--ast-global-color-5)","background-image":"","background-repeat":"repeat","background-position":"center center","background-size":"auto","background-attachment":"scroll","background-type":"","background-media":"","overlay-type":"","overlay-color":"","overlay-gradient":""},"mobile":{"background-color":"var(--ast-global-color-5)","background-image":"","background-repeat":"repeat","background-position":"center center","background-size":"auto","background-attachment":"scroll","background-type":"","background-media":"","overlay-type":"","overlay-color":"","overlay-gradient":""}},"footnotes":""},"class_list":["post-3045","page","type-page","status-publish","hentry"],"acf":[],"yoast_head":"<!-- This site is optimized with the Yoast SEO plugin v22.3 - https:\/\/yoast.com\/wordpress\/plugins\/seo\/ -->\n<title>Aj\u00e1nlatok - ConSensea<\/title>\n<meta name=\"robots\" content=\"index, follow, max-snippet:-1, max-image-preview:large, max-video-preview:-1\" \/>\n<link rel=\"canonical\" href=\"https:\/\/consensea.com\/it\/ajanlatok\/\" \/>\n<meta property=\"og:locale\" content=\"it_IT\" \/>\n<meta property=\"og:type\" content=\"article\" \/>\n<meta property=\"og:title\" content=\"Aj\u00e1nlatok - ConSensea\" \/>\n<meta property=\"og:description\" content=\"Aj\u00e1nlatok Panettone Finoms\u00e1g olaszul &#8211; PANETTONE Ez a speci\u00e1lis s\u00fctem\u00e9ny &#8211; amely kiv\u00e1l\u00f3 kar\u00e1csonyi aj\u00e1nd\u00e9k mind szerettei, mind \u00fczleti partnerei r\u00e9sz\u00e9re &#8211; Olaszorsz\u00e1gban kifejezetten kar\u00e1csonyi \u00e9dess\u00e9gnek sz\u00e1m\u00edt. \u0150sszel kezdik elk\u00e9sz\u00edteni \u00e9s az \u00fcnnepi id\u0151szakban kaphat\u00f3. A hagyom\u00e1nyos &#8230; B\u0151vebben \u2192 Langm\u00e1r kommunik\u00e1ci\u00f3 Nem el\u00e9g j\u00f3nak lenni, j\u00f3nak is kell l\u00e1tszani A sikeres c\u00e9gek tiszt\u00e1ban vannak [&hellip;]\" \/>\n<meta property=\"og:url\" content=\"https:\/\/consensea.com\/it\/ajanlatok\/\" \/>\n<meta property=\"og:site_name\" content=\"ConSensea\" \/>\n<meta property=\"article:modified_time\" content=\"2024-03-25T09:18:26+00:00\" \/>\n<meta property=\"og:image\" content=\"https:\/\/consensea.com\/wp-content\/uploads\/2021\/05\/panettone.jpg\" \/>\n<meta name=\"twitter:card\" content=\"summary_large_image\" \/>\n<meta name=\"twitter:label1\" content=\"Tempo di lettura stimato\" \/>\n\t<meta name=\"twitter:data1\" content=\"4 minuti\" \/>\n<script type=\"application\/ld+json\" class=\"yoast-schema-graph\">{\"@context\":\"https:\/\/schema.org\",\"@graph\":[{\"@type\":\"WebPage\",\"@id\":\"https:\/\/consensea.com\/ajanlatok\/\",\"url\":\"https:\/\/consensea.com\/ajanlatok\/\",\"name\":\"Aj\u00e1nlatok - ConSensea\",\"isPartOf\":{\"@id\":\"https:\/\/consensea.com\/#website\"},\"primaryImageOfPage\":{\"@id\":\"https:\/\/consensea.com\/ajanlatok\/#primaryimage\"},\"image\":{\"@id\":\"https:\/\/consensea.com\/ajanlatok\/#primaryimage\"},\"thumbnailUrl\":\"https:\/\/consensea.com\/wp-content\/uploads\/2021\/05\/panettone.jpg\",\"datePublished\":\"2021-05-03T18:50:23+00:00\",\"dateModified\":\"2024-03-25T09:18:26+00:00\",\"breadcrumb\":{\"@id\":\"https:\/\/consensea.com\/ajanlatok\/#breadcrumb\"},\"inLanguage\":\"it-IT\",\"potentialAction\":[{\"@type\":\"ReadAction\",\"target\":[\"https:\/\/consensea.com\/ajanlatok\/\"]}]},{\"@type\":\"ImageObject\",\"inLanguage\":\"it-IT\",\"@id\":\"https:\/\/consensea.com\/ajanlatok\/#primaryimage\",\"url\":\"https:\/\/consensea.com\/wp-content\/uploads\/2021\/05\/panettone.jpg\",\"contentUrl\":\"https:\/\/consensea.com\/wp-content\/uploads\/2021\/05\/panettone.jpg\",\"width\":900,\"height\":600},{\"@type\":\"BreadcrumbList\",\"@id\":\"https:\/\/consensea.com\/ajanlatok\/#breadcrumb\",\"itemListElement\":[{\"@type\":\"ListItem\",\"position\":1,\"name\":\"Kezd\u0151lap\",\"item\":\"https:\/\/consensea.com\/\"},{\"@type\":\"ListItem\",\"position\":2,\"name\":\"Aj\u00e1nlatok\"}]},{\"@type\":\"WebSite\",\"@id\":\"https:\/\/consensea.com\/#website\",\"url\":\"https:\/\/consensea.com\/\",\"name\":\"ConSensea\",\"description\":\"OLASZ-MAGYAR EGY\u00dcTTM\u0170K\u00d6D\u00c9S AKAD\u00c1LYOK N\u00c9LK\u00dcL\",\"potentialAction\":[{\"@type\":\"SearchAction\",\"target\":{\"@type\":\"EntryPoint\",\"urlTemplate\":\"https:\/\/consensea.com\/?s={search_term_string}\"},\"query-input\":\"required name=search_term_string\"}],\"inLanguage\":\"it-IT\"}]}<\/script>\n<!-- \/ Yoast SEO plugin. -->","yoast_head_json":{"title":"Aj\u00e1nlatok - ConSensea","robots":{"index":"index","follow":"follow","max-snippet":"max-snippet:-1","max-image-preview":"max-image-preview:large","max-video-preview":"max-video-preview:-1"},"canonical":"https:\/\/consensea.com\/it\/ajanlatok\/","og_locale":"it_IT","og_type":"article","og_title":"Aj\u00e1nlatok - ConSensea","og_description":"Aj\u00e1nlatok Panettone Finoms\u00e1g olaszul &#8211; PANETTONE Ez a speci\u00e1lis s\u00fctem\u00e9ny &#8211; amely kiv\u00e1l\u00f3 kar\u00e1csonyi aj\u00e1nd\u00e9k mind szerettei, mind \u00fczleti partnerei r\u00e9sz\u00e9re &#8211; Olaszorsz\u00e1gban kifejezetten kar\u00e1csonyi \u00e9dess\u00e9gnek sz\u00e1m\u00edt. \u0150sszel kezdik elk\u00e9sz\u00edteni \u00e9s az \u00fcnnepi id\u0151szakban kaphat\u00f3. A hagyom\u00e1nyos &#8230; B\u0151vebben \u2192 Langm\u00e1r kommunik\u00e1ci\u00f3 Nem el\u00e9g j\u00f3nak lenni, j\u00f3nak is kell l\u00e1tszani A sikeres c\u00e9gek tiszt\u00e1ban vannak [&hellip;]","og_url":"https:\/\/consensea.com\/it\/ajanlatok\/","og_site_name":"ConSensea","article_modified_time":"2024-03-25T09:18:26+00:00","og_image":[{"url":"https:\/\/consensea.com\/wp-content\/uploads\/2021\/05\/panettone.jpg"}],"twitter_card":"summary_large_image","twitter_misc":{"Tempo di lettura stimato":"4 minuti"},"schema":{"@context":"https:\/\/schema.org","@graph":[{"@type":"WebPage","@id":"https:\/\/consensea.com\/ajanlatok\/","url":"https:\/\/consensea.com\/ajanlatok\/","name":"Aj\u00e1nlatok - ConSensea","isPartOf":{"@id":"https:\/\/consensea.com\/#website"},"primaryImageOfPage":{"@id":"https:\/\/consensea.com\/ajanlatok\/#primaryimage"},"image":{"@id":"https:\/\/consensea.com\/ajanlatok\/#primaryimage"},"thumbnailUrl":"https:\/\/consensea.com\/wp-content\/uploads\/2021\/05\/panettone.jpg","datePublished":"2021-05-03T18:50:23+00:00","dateModified":"2024-03-25T09:18:26+00:00","breadcrumb":{"@id":"https:\/\/consensea.com\/ajanlatok\/#breadcrumb"},"inLanguage":"it-IT","potentialAction":[{"@type":"ReadAction","target":["https:\/\/consensea.com\/ajanlatok\/"]}]},{"@type":"ImageObject","inLanguage":"it-IT","@id":"https:\/\/consensea.com\/ajanlatok\/#primaryimage","url":"https:\/\/consensea.com\/wp-content\/uploads\/2021\/05\/panettone.jpg","contentUrl":"https:\/\/consensea.com\/wp-content\/uploads\/2021\/05\/panettone.jpg","width":900,"height":600},{"@type":"BreadcrumbList","@id":"https:\/\/consensea.com\/ajanlatok\/#breadcrumb","itemListElement":[{"@type":"ListItem","position":1,"name":"Kezd\u0151lap","item":"https:\/\/consensea.com\/"},{"@type":"ListItem","position":2,"name":"Aj\u00e1nlatok"}]},{"@type":"WebSite","@id":"https:\/\/consensea.com\/#website","url":"https:\/\/consensea.com\/","name":"ConSensea","description":"OLASZ-MAGYAR EGY\u00dcTTM\u0170K\u00d6D\u00c9S AKAD\u00c1LYOK N\u00c9LK\u00dcL","potentialAction":[{"@type":"SearchAction","target":{"@type":"EntryPoint","urlTemplate":"https:\/\/consensea.com\/?s={search_term_string}"},"query-input":"required name=search_term_string"}],"inLanguage":"it-IT"}]}},"_links":{"self":[{"href":"https:\/\/consensea.com\/it\/wp-json\/wp\/v2\/pages\/3045","targetHints":{"allow":["GET"]}}],"collection":[{"href":"https:\/\/consensea.com\/it\/wp-json\/wp\/v2\/pages"}],"about":[{"href":"https:\/\/consensea.com\/it\/wp-json\/wp\/v2\/types\/page"}],"author":[{"embeddable":true,"href":"https:\/\/consensea.com\/it\/wp-json\/wp\/v2\/users\/1"}],"replies":[{"embeddable":true,"href":"https:\/\/consensea.com\/it\/wp-json\/wp\/v2\/comments?post=3045"}],"version-history":[{"count":24,"href":"https:\/\/consensea.com\/it\/wp-json\/wp\/v2\/pages\/3045\/revisions"}],"predecessor-version":[{"id":3932,"href":"https:\/\/consensea.com\/it\/wp-json\/wp\/v2\/pages\/3045\/revisions\/3932"}],"wp:attachment":[{"href":"https:\/\/consensea.com\/it\/wp-json\/wp\/v2\/media?parent=3045"}],"curies":[{"name":"wp","href":"https:\/\/api.w.org\/{rel}","templated":true}]}}